{"id":228,"date":"2020-12-03T09:14:46","date_gmt":"2020-12-03T12:14:46","guid":{"rendered":"https:\/\/www.sebraepr.com.br\/compra-pr\/?page_id=228"},"modified":"2021-01-25T09:32:27","modified_gmt":"2021-01-25T12:32:27","slug":"atendimento","status":"publish","type":"page","link":"https:\/\/www.sebraepr.com.br\/compra-pr\/atendimento\/","title":{"rendered":"Atendimento"},"content":{"rendered":"<div id='full_slider_1'  class='avia-fullwidth-slider main_color avia-shadow   avia-builder-el-0  el_before_av_section  avia-builder-el-first   container_wrap fullsize' style=' '  ><div   data-size='no scaling'  data-lightbox_size='large'  data-animation='slide'  data-conditional_play=''  data-ids='461'  data-video_counter='0'  data-autoplay='false'  data-bg_slider='false'  data-slide_height=''  data-handle='av_slideshow_full'  data-interval='5'  data-class=' '  data-el_id=''  data-css_id=''  data-scroll_down=''  data-control_layout='av-control-default'  data-custom_markup=''  data-perma_caption=''  data-autoplay_stopper=''  data-image_attachment=''  data-min_height='0px'  data-lazy_loading='disabled'  data-src=''  data-position='top left'  data-repeat='no-repeat'  data-attach='scroll'  data-stretch=''  class='avia-slideshow avia-slideshow-1  av-control-default av-default-height-applied avia-slideshow-no scaling av_slideshow_full   avia-slide-slider '  itemprop=\"image\" itemscope=\"itemscope\" itemtype=\"https:\/\/schema.org\/ImageObject\" ><ul class='avia-slideshow-inner ' style='padding-bottom: 32.8125%;' ><li  class=' av-single-slide slide-1 ' ><div data-rel='slideshow-1' class='avia-slide-wrap '   ><img decoding=\"async\" class=\"wp-image-461 avia-img-lazy-loading-not-461\"  src=\"https:\/\/www.sebraepr.com.br\/compra-pr\/wp-content\/uploads\/Compra-Parana-Atendimento.jpg\" width=\"1920\" height=\"630\" title='Compra Paran\u00e1 Atendimento' alt=''  itemprop=\"thumbnailUrl\" srcset=\"https:\/\/www.sebraepr.com.br\/compra-pr\/wp-content\/uploads\/Compra-Parana-Atendimento.jpg 1920w, https:\/\/www.sebraepr.com.br\/compra-pr\/wp-content\/uploads\/Compra-Parana-Atendimento-300x98.jpg 300w, https:\/\/www.sebraepr.com.br\/compra-pr\/wp-content\/uploads\/Compra-Parana-Atendimento-1030x338.jpg 1030w, https:\/\/www.sebraepr.com.br\/compra-pr\/wp-content\/uploads\/Compra-Parana-Atendimento-768x252.jpg 768w, https:\/\/www.sebraepr.com.br\/compra-pr\/wp-content\/uploads\/Compra-Parana-Atendimento-1536x504.jpg 1536w, https:\/\/www.sebraepr.com.br\/compra-pr\/wp-content\/uploads\/Compra-Parana-Atendimento-1500x492.jpg 1500w, https:\/\/www.sebraepr.com.br\/compra-pr\/wp-content\/uploads\/Compra-Parana-Atendimento-705x231.jpg 705w\" sizes=\"(max-width: 1920px) 100vw, 1920px\" \/><\/div><\/li><\/ul><\/div><\/div>\n<div id='av_section_1'  class='avia-section main_color avia-section-no-padding avia-no-border-styling  avia-bg-style-scroll  avia-builder-el-1  el_after_av_slideshow_full  el_before_av_section   container_wrap fullsize' style='background-color: #20c5d4; background-repeat: no-repeat; background-image: url(https:\/\/www.sebraepr.com.br\/compra-pr\/wp-content\/uploads\/Fundo-2-cores-2.png);background-attachment: scroll; background-position: center center;  '  data-section-bg-repeat='no-repeat'><div class='av-section-color-overlay-wrap'><a href='#next-section' title='' class='scroll-down-link '  aria-hidden='true' data-av_icon='\ue877' data-av_iconfont='entypo-fontello'><\/a><div class='container' ><div class='template-page content  av-content-full alpha units'><div class='post-entry post-entry-type-page post-entry-228'><div class='entry-content-wrapper clearfix'>\n<div  style='height:50px' class='hr hr-invisible   avia-builder-el-2  el_before_av_one_full  avia-builder-el-first '><span class='hr-inner ' ><span class='hr-inner-style'><\/span><\/span><\/div>\n<div class=\"flex_column av_one_full  flex_column_div av-zero-column-padding first  avia-builder-el-3  el_after_av_hr  el_before_av_two_third  \" style='border-radius:0px; '><div  style='padding-bottom:10px; margin:10px 0 10px 0; color:#20c5d4;' class='av-special-heading av-special-heading-h1 custom-color-heading blockquote modern-quote  avia-builder-el-4  avia-builder-el-no-sibling  '><h1 class='av-special-heading-tag '  itemprop=\"headline\"  >Informe-se sobre as oportunidades da sua regi\u00e3o.<\/h1><div class='special-heading-border'><div class='special-heading-inner-border' style='border-color:#20c5d4'><\/div><\/div><\/div><\/div><div class=\"flex_column av_two_third  flex_column_div av-zero-column-padding first  avia-builder-el-5  el_after_av_one_full  el_before_av_one_third  column-top-margin\" style='border-radius:0px; '><section class=\"av_textblock_section \"  itemscope=\"itemscope\" itemtype=\"https:\/\/schema.org\/CreativeWork\" ><div class='avia_textblock  '   itemprop=\"text\" ><p>Cada regi\u00e3o tem suas pr\u00f3prias necessidades e oportunidades, e \u00e9 por isso que nosso atendimento \u00e9 realizado por regionais. Se precisar de informa\u00e7\u00f5es, direcionamentos ou qualquer atendimento, entre em contato conosco.<\/p>\n<\/div><\/section><\/div><div class=\"flex_column av_one_third  flex_column_div av-zero-column-padding   avia-builder-el-7  el_after_av_two_third  el_before_av_hr  column-top-margin\" style='border-radius:0px; '><\/div><div  style='height:50px' class='hr hr-invisible   avia-builder-el-8  el_after_av_one_third  el_before_av_one_third '><span class='hr-inner ' ><span class='hr-inner-style'><\/span><\/span><\/div>\n<div class='flex_column_table av-equal-height-column-flextable -flextable' ><div class=\"flex_column av_one_third  av-animated-generic bottom-to-top  flex_column_table_cell av-equal-height-column av-align-top avia-link-column av-column-link first  avia-builder-el-9  el_after_av_hr  el_before_av_one_third  \" style='background: rgba(255,255,255,0.95); box-shadow: 0 0 10px 0 #c1c1c1; padding:20px 40px 20px 40px ; background-color:rgba(255,255,255,0.95); border-radius:20px; ' data-link-column-url=\"http:\/\/centro.comprapr.com.br\/\"  data-link-column-target=\"_blank\" ><a class=\"av-screen-reader-only\" href=\"http:\/\/centro.comprapr.com.br\/\" target=\"_blank\" title=\"Regi\u00e3o Centro\" rel=\"noopener\">Follow a manual added link<\/a><p><div  class='avia-image-container  av-styling- av-hover-grow   avia-builder-el-10  el_before_av_textblock  avia-builder-el-first  avia-align-center '  itemprop=\"image\" itemscope=\"itemscope\" itemtype=\"https:\/\/schema.org\/ImageObject\"  ><div class='avia-image-container-inner'><div class='avia-image-overlay-wrap'><img decoding=\"async\" class='wp-image-237 avia-img-lazy-loading-not-237 avia_image' src=\"https:\/\/www.sebraepr.com.br\/compra-pr\/wp-content\/uploads\/pr-centro.png\" alt='' title='Regi\u00e3o Centro' height=\"207\" width=\"295\"  itemprop=\"thumbnailUrl\"  \/><\/div><\/div><\/div><br \/>\n<section class=\"av_textblock_section \"  itemscope=\"itemscope\" itemtype=\"https:\/\/schema.org\/CreativeWork\" ><div class='avia_textblock  av_inherit_color '  style='color:#032856; '  itemprop=\"text\" ><h3 style=\"text-align: center;\">Regi\u00e3o Centro<\/h3>\n<\/div><\/section><\/p><\/div><div class='av-flex-placeholder'><\/div><div class=\"flex_column av_one_third  av-animated-generic bottom-to-top  flex_column_table_cell av-equal-height-column av-align-top avia-link-column av-column-link   avia-builder-el-12  el_after_av_one_third  el_before_av_one_third  \" style='background: rgba(255,255,255,0.95); box-shadow: 0 0 10px 0 #c1c1c1; padding:20px 40px 20px 40px ; background-color:rgba(255,255,255,0.95); border-radius:20px; ' data-link-column-url=\"http:\/\/leste.comprapr.com.br\/\"  data-link-column-target=\"_blank\" ><a class=\"av-screen-reader-only\" href=\"http:\/\/leste.comprapr.com.br\/\" target=\"_blank\" title=\"Regi\u00e3o Centro\" rel=\"noopener\">Follow a manual added link<\/a><p><div  class='avia-image-container  av-styling- av-hover-grow   avia-builder-el-13  el_before_av_textblock  avia-builder-el-first  avia-align-center '  itemprop=\"image\" itemscope=\"itemscope\" itemtype=\"https:\/\/schema.org\/ImageObject\"  ><div class='avia-image-container-inner'><div class='avia-image-overlay-wrap'><img decoding=\"async\" class='wp-image-238 avia-img-lazy-loading-not-238 avia_image' src=\"https:\/\/www.sebraepr.com.br\/compra-pr\/wp-content\/uploads\/pr-leste.png\" alt='' title='Regi\u00e3o Leste' height=\"207\" width=\"295\"  itemprop=\"thumbnailUrl\"  \/><\/div><\/div><\/div><br \/>\n<section class=\"av_textblock_section \"  itemscope=\"itemscope\" itemtype=\"https:\/\/schema.org\/CreativeWork\" ><div class='avia_textblock  av_inherit_color '  style='color:#032856; '  itemprop=\"text\" ><h3 style=\"text-align: center;\">Regi\u00e3o Leste<\/h3>\n<\/div><\/section><\/p><\/div><div class='av-flex-placeholder'><\/div><div class=\"flex_column av_one_third  av-animated-generic bottom-to-top  flex_column_table_cell av-equal-height-column av-align-top avia-link-column av-column-link   avia-builder-el-15  el_after_av_one_third  el_before_av_one_third  \" style='background: rgba(255,255,255,0.95); box-shadow: 0 0 10px 0 #c1c1c1; padding:20px 40px 20px 40px ; background-color:rgba(255,255,255,0.95); border-radius:20px; ' data-link-column-url=\"http:\/\/noroeste.comprapr.com.br\/\"  data-link-column-target=\"_blank\" ><a class=\"av-screen-reader-only\" href=\"http:\/\/noroeste.comprapr.com.br\/\" target=\"_blank\" title=\"Regi\u00e3o Centro\" rel=\"noopener\">Follow a manual added link<\/a><p><div  class='avia-image-container  av-styling- av-hover-grow   avia-builder-el-16  el_before_av_textblock  avia-builder-el-first  avia-align-center '  itemprop=\"image\" itemscope=\"itemscope\" itemtype=\"https:\/\/schema.org\/ImageObject\"  ><div class='avia-image-container-inner'><div class='avia-image-overlay-wrap'><img decoding=\"async\" class='wp-image-239 avia-img-lazy-loading-not-239 avia_image' src=\"https:\/\/www.sebraepr.com.br\/compra-pr\/wp-content\/uploads\/pr-noroeste.png\" alt='' title='Regi\u00e3o Noroeste' height=\"207\" width=\"295\"  itemprop=\"thumbnailUrl\"  \/><\/div><\/div><\/div><br \/>\n<section class=\"av_textblock_section \"  itemscope=\"itemscope\" itemtype=\"https:\/\/schema.org\/CreativeWork\" ><div class='avia_textblock  av_inherit_color '  style='color:#032856; '  itemprop=\"text\" ><h3 style=\"text-align: center;\">Regi\u00e3o Noroeste<\/h3>\n<\/div><\/section><\/p><\/div><\/div><!--close column table wrapper. Autoclose: 1 --><div class='flex_column_table av-equal-height-column-flextable -flextable' ><div class=\"flex_column av_one_third  av-animated-generic bottom-to-top  flex_column_table_cell av-equal-height-column av-align-top avia-link-column av-column-link first  avia-builder-el-18  el_after_av_one_third  el_before_av_one_third  column-top-margin\" style='background: rgba(255,255,255,0.95); box-shadow: 0 0 10px 0 #c1c1c1; padding:20px 40px 20px 40px ; background-color:rgba(255,255,255,0.95); border-radius:20px; ' data-link-column-url=\"http:\/\/norte.comprapr.com.br\/\"  data-link-column-target=\"_blank\" ><a class=\"av-screen-reader-only\" href=\"http:\/\/norte.comprapr.com.br\/\" target=\"_blank\" title=\"Regi\u00e3o Centro\" rel=\"noopener\">Follow a manual added link<\/a><p><div  class='avia-image-container  av-styling- av-hover-grow   avia-builder-el-19  el_before_av_textblock  avia-builder-el-first  avia-align-center '  itemprop=\"image\" itemscope=\"itemscope\" itemtype=\"https:\/\/schema.org\/ImageObject\"  ><div class='avia-image-container-inner'><div class='avia-image-overlay-wrap'><img decoding=\"async\" class='wp-image-240 avia-img-lazy-loading-not-240 avia_image' src=\"https:\/\/www.sebraepr.com.br\/compra-pr\/wp-content\/uploads\/pr-norte.png\" alt='' title='Regi\u00e3o Norte' height=\"207\" width=\"295\"  itemprop=\"thumbnailUrl\"  \/><\/div><\/div><\/div><br \/>\n<section class=\"av_textblock_section \"  itemscope=\"itemscope\" itemtype=\"https:\/\/schema.org\/CreativeWork\" ><div class='avia_textblock  av_inherit_color '  style='color:#032856; '  itemprop=\"text\" ><h3 style=\"text-align: center;\">Regi\u00e3o Norte<\/h3>\n<\/div><\/section><\/p><\/div><div class='av-flex-placeholder'><\/div><div class=\"flex_column av_one_third  av-animated-generic bottom-to-top  flex_column_table_cell av-equal-height-column av-align-top avia-link-column av-column-link   avia-builder-el-21  el_after_av_one_third  el_before_av_one_third  column-top-margin\" style='background: rgba(255,255,255,0.95); box-shadow: 0 0 10px 0 #c1c1c1; padding:20px 40px 20px 40px ; background-color:rgba(255,255,255,0.95); border-radius:20px; ' data-link-column-url=\"http:\/\/oeste.comprapr.com.br\/\"  data-link-column-target=\"_blank\" ><a class=\"av-screen-reader-only\" href=\"http:\/\/oeste.comprapr.com.br\/\" target=\"_blank\" title=\"Regi\u00e3o Centro\" rel=\"noopener\">Follow a manual added link<\/a><p><div  class='avia-image-container  av-styling- av-hover-grow   avia-builder-el-22  el_before_av_textblock  avia-builder-el-first  avia-align-center '  itemprop=\"image\" itemscope=\"itemscope\" itemtype=\"https:\/\/schema.org\/ImageObject\"  ><div class='avia-image-container-inner'><div class='avia-image-overlay-wrap'><img decoding=\"async\" class='wp-image-241 avia-img-lazy-loading-not-241 avia_image' src=\"https:\/\/www.sebraepr.com.br\/compra-pr\/wp-content\/uploads\/pr-oeste.png\" alt='' title='Regi\u00e3o Oeste' height=\"207\" width=\"295\"  itemprop=\"thumbnailUrl\"  \/><\/div><\/div><\/div><br \/>\n<section class=\"av_textblock_section \"  itemscope=\"itemscope\" itemtype=\"https:\/\/schema.org\/CreativeWork\" ><div class='avia_textblock  av_inherit_color '  style='color:#032856; '  itemprop=\"text\" ><h3 style=\"text-align: center;\">Regi\u00e3o Oeste<\/h3>\n<\/div><\/section><\/p><\/div><div class='av-flex-placeholder'><\/div><div class=\"flex_column av_one_third  av-animated-generic bottom-to-top  flex_column_table_cell av-equal-height-column av-align-top avia-link-column av-column-link   avia-builder-el-24  el_after_av_one_third  el_before_av_hr  column-top-margin\" style='background: rgba(255,255,255,0.95); box-shadow: 0 0 10px 0 #c1c1c1; padding:20px 40px 20px 40px ; background-color:rgba(255,255,255,0.95); border-radius:20px; ' data-link-column-url=\"http:\/\/sul.comprapr.com.br\/\"  data-link-column-target=\"_blank\" ><a class=\"av-screen-reader-only\" href=\"http:\/\/sul.comprapr.com.br\/\" target=\"_blank\" title=\"Regi\u00e3o Centro\" rel=\"noopener\">Follow a manual added link<\/a><p><div  class='avia-image-container  av-styling- av-hover-grow   avia-builder-el-25  el_before_av_textblock  avia-builder-el-first  avia-align-center '  itemprop=\"image\" itemscope=\"itemscope\" itemtype=\"https:\/\/schema.org\/ImageObject\"  ><div class='avia-image-container-inner'><div class='avia-image-overlay-wrap'><img decoding=\"async\" class='wp-image-243 avia-img-lazy-loading-not-243 avia_image' src=\"https:\/\/www.sebraepr.com.br\/compra-pr\/wp-content\/uploads\/pr-sul.png\" alt='' title='Regi\u00e3o Sul' height=\"207\" width=\"295\"  itemprop=\"thumbnailUrl\"  \/><\/div><\/div><\/div><br \/>\n<section class=\"av_textblock_section \"  itemscope=\"itemscope\" itemtype=\"https:\/\/schema.org\/CreativeWork\" ><div class='avia_textblock  av_inherit_color '  style='color:#032856; '  itemprop=\"text\" ><h3 style=\"text-align: center;\">Regi\u00e3o Sul<\/h3>\n<\/div><\/section><\/p><\/div><\/div><!--close column table wrapper. Autoclose: 1 --><div  style='height:50px' class='hr hr-invisible   avia-builder-el-27  el_after_av_one_third  avia-builder-el-last '><span class='hr-inner ' ><span class='hr-inner-style'><\/span><\/span><\/div>\n\n<\/div><\/div><\/div><!-- close content main div --><\/div><\/div><\/div><div id='av_section_2'  class='avia-section main_color avia-section-default avia-no-border-styling  avia-bg-style-scroll  avia-builder-el-28  el_after_av_section  el_before_av_section   container_wrap fullsize' style='background-color: #ffffff;  '  ><div class='container' ><div class='template-page content  av-content-full alpha units'><div class='post-entry post-entry-type-page post-entry-228'><div class='entry-content-wrapper clearfix'>\n<div  style='height:50px' class='hr hr-invisible   avia-builder-el-29  el_before_av_heading  avia-builder-el-first '><span class='hr-inner ' ><span class='hr-inner-style'><\/span><\/span><\/div>\n<div  style='padding-bottom:10px; margin:10px 0 10px 0; color:#032856;' class='av-special-heading av-special-heading-h1 custom-color-heading blockquote modern-quote modern-centered  avia-builder-el-30  el_after_av_hr  el_before_av_one_full  '><h1 class='av-special-heading-tag '  itemprop=\"headline\"  >Saiba tamb\u00e9m onde encontrar os escrit\u00f3rios para atendimento presencial.<\/h1><div class='special-heading-border'><div class='special-heading-inner-border' style='border-color:#032856'><\/div><\/div><\/div>\n<div class=\"flex_column av_one_full  flex_column_div av-zero-column-padding first  avia-builder-el-31  el_after_av_heading  el_before_av_hr  \" style='border-radius:0px; '><\/div><div  style='height:50px' class='hr hr-invisible   avia-builder-el-33  el_after_av_one_full  avia-builder-el-last '><span class='hr-inner ' ><span class='hr-inner-style'><\/span><\/span><\/div>\n\n<\/div><\/div><\/div><!-- close content main div --><\/div><\/div><div id='contato'  class='avia-section main_color avia-section-default avia-no-border-styling  avia-bg-style-scroll  avia-builder-el-34  el_after_av_section  avia-builder-el-last   container_wrap fullsize' style='background-color: #20c5d4;  '  ><div class='container' ><div class='template-page content  av-content-full alpha units'><div class='post-entry post-entry-type-page post-entry-228'><div class='entry-content-wrapper clearfix'>\n<div  style='height:50px' class='hr hr-invisible   avia-builder-el-35  el_before_av_heading  avia-builder-el-first '><span class='hr-inner ' ><span class='hr-inner-style'><\/span><\/span><\/div>\n<div  style='padding-bottom:10px; margin:10px 0 10px 0; color:#ffffff;' class='av-special-heading av-special-heading-h1 custom-color-heading blockquote modern-quote  avia-builder-el-36  el_after_av_hr  el_before_av_hr  '><h1 class='av-special-heading-tag '  itemprop=\"headline\"  >Entre em Contato Conosco<\/h1><div class='special-heading-border'><div class='special-heading-inner-border' style='border-color:#ffffff'><\/div><\/div><\/div>\n<div  style='height:50px' class='hr hr-invisible   avia-builder-el-37  el_after_av_heading  el_before_av_one_fifth '><span class='hr-inner ' ><span class='hr-inner-style'><\/span><\/span><\/div>\n<div class=\"flex_column av_one_fifth  flex_column_div av-zero-column-padding first  avia-builder-el-38  el_after_av_hr  el_before_av_three_fifth  \" style='border-radius:0px; '><\/div><div class=\"flex_column av_three_fifth  flex_column_div av-zero-column-padding   avia-builder-el-39  el_after_av_one_fifth  el_before_av_one_fifth  \" style='border-radius:0px; '><form action=\"https:\/\/www.sebraepr.com.br\/compra-pr\/atendimento\/\" method=\"post\"  class=\"avia_ajax_form av-form-labels-hidden   avia-builder-el-40  avia-builder-el-no-sibling   \" data-avia-form-id=\"1\" data-avia-redirect='' ><fieldset><p class=' first_form  form_element form_element_half' id='element_avia_1_1'><label for=\"avia_1_1\">Selecione uma Op\u00e7\u00e3o <abbr class=\"required\" title=\"required\">*<\/abbr><\/label> <select  name=\"avia_1_1\" class=\"select is_empty\" id=\"avia_1_1\"><option  value =''>Selecione uma Op\u00e7\u00e3o*<\/option><option  value ='Sou Empres\u00e1rio'>Sou Empres\u00e1rio<\/option><option  value ='Represento uma Entidade P\u00fablica'>Represento uma Entidade P\u00fablica<\/option><\/select><\/p><p class='  first_form  form_element form_fullwidth' id='element_avia_2_1'><label for=\"avia_2_1\">Nome da Empresa\/ Entidade <abbr class=\"required\" title=\"required\">*<\/abbr><\/label> <input name=\"avia_2_1\" class=\"text_input is_empty\" type=\"text\" id=\"avia_2_1\" value=\"\"  placeholder='Nome da Empresa\/ Entidade*'\/><\/p><p class='  first_form  form_element form_fullwidth' id='element_avia_3_1'><label for=\"avia_3_1\">Nome <abbr class=\"required\" title=\"required\">*<\/abbr><\/label> <input name=\"avia_3_1\" class=\"text_input is_empty\" type=\"text\" id=\"avia_3_1\" value=\"\"  placeholder='Nome*'\/><\/p><p class='  first_form  form_element form_fullwidth' id='element_avia_4_1'><label for=\"avia_4_1\">E-Mail <abbr class=\"required\" title=\"required\">*<\/abbr><\/label> <input name=\"avia_4_1\" class=\"text_input is_email\" type=\"text\" id=\"avia_4_1\" value=\"\"  placeholder='E-Mail*'\/><\/p><p class='  first_form  form_element form_fullwidth' id='element_avia_5_1'><label for=\"avia_5_1\" class=\"textare_label hidden textare_label_avia_5_1\">Mensagem <abbr class=\"required\" title=\"required\">*<\/abbr><\/label><textarea  placeholder='Mensagem*' name=\"avia_5_1\" class=\"text_area is_empty\" cols=\"40\" rows=\"7\" id=\"avia_5_1\" ><\/textarea><\/p><p class=\"hidden\"><input type=\"text\" name=\"avia_6_1\" class=\"hidden \" id=\"avia_6_1\" value=\"\" \/><\/p><p class='   form_element form_fullwidth' id='element_avia_7_1'><span class='value_verifier_label'>2 + 3 = ?<\/span><input name=\"avia_7_1_verifier\" type=\"hidden\" id=\"avia_7_1_verifier\" value=\"852168881\"\/><label for=\"avia_7_1\">Please prove that you are human by solving the equation <abbr class=\"required\" title=\"required\">*<\/abbr><\/label><input name=\"avia_7_1\" class=\"text_input captcha\" type=\"text\" id=\"avia_7_1\" value=\"\"\/><\/p><p class=\"form_element \"><input type=\"hidden\" value=\"1\" name=\"avia_generated_form1\" \/><input type=\"submit\" value=\"Enviar\" class=\"button\"  data-sending-label=\"Sending\"\/><\/p><\/fieldset><\/form><div id=\"ajaxresponse_1\" class=\"ajaxresponse ajaxresponse_1 hidden\"><\/div><\/div><div class=\"flex_column av_one_fifth  flex_column_div av-zero-column-padding   avia-builder-el-41  el_after_av_three_fifth  avia-builder-el-last  \" style='border-radius:0px; '><\/div>\n","protected":false},"excerpt":{"rendered":"","protected":false},"author":2,"featured_media":0,"parent":0,"menu_order":0,"comment_status":"closed","ping_status":"closed","template":"","meta":{"footnotes":""},"class_list":["post-228","page","type-page","status-publish","hentry"],"_links":{"self":[{"href":"https:\/\/www.sebraepr.com.br\/compra-pr\/wp-json\/wp\/v2\/pages\/228"}],"collection":[{"href":"https:\/\/www.sebraepr.com.br\/compra-pr\/wp-json\/wp\/v2\/pages"}],"about":[{"href":"https:\/\/www.sebraepr.com.br\/compra-pr\/wp-json\/wp\/v2\/types\/page"}],"author":[{"embeddable":true,"href":"https:\/\/www.sebraepr.com.br\/compra-pr\/wp-json\/wp\/v2\/users\/2"}],"replies":[{"embeddable":true,"href":"https:\/\/www.sebraepr.com.br\/compra-pr\/wp-json\/wp\/v2\/comments?post=228"}],"version-history":[{"count":39,"href":"https:\/\/www.sebraepr.com.br\/compra-pr\/wp-json\/wp\/v2\/pages\/228\/revisions"}],"predecessor-version":[{"id":506,"href":"https:\/\/www.sebraepr.com.br\/compra-pr\/wp-json\/wp\/v2\/pages\/228\/revisions\/506"}],"wp:attachment":[{"href":"https:\/\/www.sebraepr.com.br\/compra-pr\/wp-json\/wp\/v2\/media?parent=228"}],"curies":[{"name":"wp","href":"https:\/\/api.w.org\/{rel}","templated":true}]}}